{"id":360,"date":"2023-03-14T10:24:38","date_gmt":"2023-03-14T09:24:38","guid":{"rendered":"https:\/\/www.championschoosetao.be\/reglements-en-matiere-de-concurrence\/"},"modified":"2023-04-07T13:33:56","modified_gmt":"2023-04-07T11:33:56","slug":"reglements-en-matiere-de-concurrence","status":"publish","type":"page","link":"https:\/\/www.championschoosetao.be\/fr\/reglements-en-matiere-de-concurrence\/","title":{"rendered":"R\u00c8GLEMENTS DU CONCOURS"},"content":{"rendered":"\t\t<div data-elementor-type=\"wp-page\" data-elementor-id=\"360\" class=\"elementor elementor-360 elementor-18\" data-elementor-post-type=\"page\">\n\t\t\t\t\t\t<section class=\"elementor-section elementor-top-section elementor-element elementor-element-fa9e420 elementor-section-full_width elementor-section-height-full elementor-section-items-top elementor-hidden-tablet elementor-hidden-mobile elementor-section-height-default\" data-id=\"fa9e420\" data-element_type=\"section\" data-e-type=\"section\" data-settings=\"{&quot;background_background&quot;:&quot;classic&quot;}\">\n\t\t\t\t\t\t<div class=\"elementor-container elementor-column-gap-no\">\n\t\t\t\t\t<div class=\"elementor-column elementor-col-100 elementor-top-column elementor-element elementor-element-3cff29a\" data-id=\"3cff29a\" data-element_type=\"column\" data-e-type=\"column\">\n\t\t\t<div class=\"elementor-widget-wrap elementor-element-populated\">\n\t\t\t\t\t\t<div class=\"elementor-element elementor-element-9fab44b elementor-nav-menu__align-end elementor-nav-menu--dropdown-tablet elementor-nav-menu__text-align-aside elementor-nav-menu--toggle elementor-nav-menu--burger elementor-widget elementor-widget-nav-menu\" data-id=\"9fab44b\" data-element_type=\"widget\" data-e-type=\"widget\" data-settings=\"{&quot;layout&quot;:&quot;horizontal&quot;,&quot;submenu_icon&quot;:{&quot;value&quot;:&quot;&lt;i class=\\&quot;fas fa-caret-down\\&quot; aria-hidden=\\&quot;true\\&quot;&gt;&lt;\\\/i&gt;&quot;,&quot;library&quot;:&quot;fa-solid&quot;},&quot;toggle&quot;:&quot;burger&quot;}\" data-widget_type=\"nav-menu.default\">\n\t\t\t\t<div class=\"elementor-widget-container\">\n\t\t\t\t\t\t\t\t<nav aria-label=\"Menu\" class=\"elementor-nav-menu--main elementor-nav-menu__container elementor-nav-menu--layout-horizontal e--pointer-none\">\n\t\t\t\t<ul id=\"menu-1-9fab44b\" class=\"elementor-nav-menu\"><li class=\"menu-item menu-item-type-post_type menu-item-object-page menu-item-home menu-item-372\"><a href=\"https:\/\/www.championschoosetao.be\/fr\/\" class=\"elementor-item\">HOME<\/a><\/li>\n<li class=\"menu-item menu-item-type-custom menu-item-object-custom menu-item-368\"><a href=\"https:\/\/www.myhealthychoice.be\/fr\" class=\"elementor-item\">MYHEALTHYCHOICE.BE<\/a><\/li>\n<li class=\"menu-item menu-item-type-post_type menu-item-object-page menu-item-369\"><a href=\"https:\/\/www.championschoosetao.be\/fr\/reglements-en-matiere-de-concurrence\/\" class=\"elementor-item\">R\u00c8GLEMENT<\/a><\/li>\n<li class=\"menu-item menu-item-type-custom menu-item-object-custom menu-item-370\"><a href=\"https:\/\/www.myhealthychoice.be\/fr\/contactez-nous\" class=\"elementor-item\">CONTACT<\/a><\/li>\n<li class=\"menu-item wpml-ls-slot-2 wpml-ls-item wpml-ls-item-fr wpml-ls-current-language wpml-ls-menu-item wpml-ls-last-item menu-item-type-wpml_ls_menu_item menu-item-object-wpml_ls_menu_item menu-item-has-children menu-item-wpml-ls-2-fr\"><a href=\"https:\/\/www.championschoosetao.be\/fr\/\" title=\"Fran\u00e7ais\" class=\"elementor-item\"><span class=\"wpml-ls-native\" lang=\"fr\">Fran\u00e7ais<\/span><\/a>\n<ul class=\"sub-menu elementor-nav-menu--dropdown\">\n\t<li class=\"menu-item wpml-ls-slot-2 wpml-ls-item wpml-ls-item-nl wpml-ls-menu-item wpml-ls-first-item menu-item-type-wpml_ls_menu_item menu-item-object-wpml_ls_menu_item menu-item-wpml-ls-2-nl\"><a href=\"https:\/\/www.championschoosetao.be\/\" title=\"Nederlands\" class=\"elementor-sub-item\"><span class=\"wpml-ls-native\" lang=\"nl\">Nederlands<\/span><\/a><\/li>\n<\/ul>\n<\/li>\n<\/ul>\t\t\t<\/nav>\n\t\t\t\t\t<div class=\"elementor-menu-toggle\" role=\"button\" tabindex=\"0\" aria-label=\"Permuter le menu\" aria-expanded=\"false\">\n\t\t\t<i aria-hidden=\"true\" role=\"presentation\" class=\"elementor-menu-toggle__icon--open fas fa-bars\"><\/i><i aria-hidden=\"true\" role=\"presentation\" class=\"elementor-menu-toggle__icon--close eicon-close\"><\/i>\t\t<\/div>\n\t\t\t\t\t<nav class=\"elementor-nav-menu--dropdown elementor-nav-menu__container\" aria-hidden=\"true\">\n\t\t\t\t<ul id=\"menu-2-9fab44b\" class=\"elementor-nav-menu\"><li class=\"menu-item menu-item-type-post_type menu-item-object-page menu-item-home menu-item-372\"><a href=\"https:\/\/www.championschoosetao.be\/fr\/\" class=\"elementor-item\" tabindex=\"-1\">HOME<\/a><\/li>\n<li class=\"menu-item menu-item-type-custom menu-item-object-custom menu-item-368\"><a href=\"https:\/\/www.myhealthychoice.be\/fr\" class=\"elementor-item\" tabindex=\"-1\">MYHEALTHYCHOICE.BE<\/a><\/li>\n<li class=\"menu-item menu-item-type-post_type menu-item-object-page menu-item-369\"><a href=\"https:\/\/www.championschoosetao.be\/fr\/reglements-en-matiere-de-concurrence\/\" class=\"elementor-item\" tabindex=\"-1\">R\u00c8GLEMENT<\/a><\/li>\n<li class=\"menu-item menu-item-type-custom menu-item-object-custom menu-item-370\"><a href=\"https:\/\/www.myhealthychoice.be\/fr\/contactez-nous\" class=\"elementor-item\" tabindex=\"-1\">CONTACT<\/a><\/li>\n<li class=\"menu-item wpml-ls-slot-2 wpml-ls-item wpml-ls-item-fr wpml-ls-current-language wpml-ls-menu-item wpml-ls-last-item menu-item-type-wpml_ls_menu_item menu-item-object-wpml_ls_menu_item menu-item-has-children menu-item-wpml-ls-2-fr\"><a href=\"https:\/\/www.championschoosetao.be\/fr\/\" title=\"Fran\u00e7ais\" class=\"elementor-item\" tabindex=\"-1\"><span class=\"wpml-ls-native\" lang=\"fr\">Fran\u00e7ais<\/span><\/a>\n<ul class=\"sub-menu elementor-nav-menu--dropdown\">\n\t<li class=\"menu-item wpml-ls-slot-2 wpml-ls-item wpml-ls-item-nl wpml-ls-menu-item wpml-ls-first-item menu-item-type-wpml_ls_menu_item menu-item-object-wpml_ls_menu_item menu-item-wpml-ls-2-nl\"><a href=\"https:\/\/www.championschoosetao.be\/\" title=\"Nederlands\" class=\"elementor-sub-item\" tabindex=\"-1\"><span class=\"wpml-ls-native\" lang=\"nl\">Nederlands<\/span><\/a><\/li>\n<\/ul>\n<\/li>\n<\/ul>\t\t\t<\/nav>\n\t\t\t\t\t\t<\/div>\n\t\t\t\t<\/div>\n\t\t\t\t\t<\/div>\n\t\t<\/div>\n\t\t\t\t\t<\/div>\n\t\t<\/section>\n\t\t\t\t<section class=\"elementor-section elementor-top-section elementor-element elementor-element-628e8cd elementor-section-full_width elementor-section-height-min-height elementor-section-items-top elementor-hidden-desktop elementor-section-height-default\" data-id=\"628e8cd\" data-element_type=\"section\" data-e-type=\"section\" data-settings=\"{&quot;background_background&quot;:&quot;classic&quot;}\">\n\t\t\t\t\t\t<div class=\"elementor-container elementor-column-gap-no\">\n\t\t\t\t\t<div class=\"elementor-column elementor-col-100 elementor-top-column elementor-element elementor-element-3af923d\" data-id=\"3af923d\" data-element_type=\"column\" data-e-type=\"column\">\n\t\t\t<div class=\"elementor-widget-wrap elementor-element-populated\">\n\t\t\t\t\t\t<div class=\"elementor-element elementor-element-2ccc64e elementor-nav-menu__align-end elementor-nav-menu--dropdown-tablet elementor-nav-menu__text-align-aside elementor-nav-menu--toggle elementor-nav-menu--burger elementor-widget elementor-widget-nav-menu\" data-id=\"2ccc64e\" data-element_type=\"widget\" data-e-type=\"widget\" data-settings=\"{&quot;layout&quot;:&quot;horizontal&quot;,&quot;submenu_icon&quot;:{&quot;value&quot;:&quot;&lt;i class=\\&quot;fas fa-caret-down\\&quot; aria-hidden=\\&quot;true\\&quot;&gt;&lt;\\\/i&gt;&quot;,&quot;library&quot;:&quot;fa-solid&quot;},&quot;toggle&quot;:&quot;burger&quot;}\" data-widget_type=\"nav-menu.default\">\n\t\t\t\t<div class=\"elementor-widget-container\">\n\t\t\t\t\t\t\t\t<nav aria-label=\"Menu\" class=\"elementor-nav-menu--main elementor-nav-menu__container elementor-nav-menu--layout-horizontal e--pointer-none\">\n\t\t\t\t<ul id=\"menu-1-2ccc64e\" class=\"elementor-nav-menu\"><li class=\"menu-item menu-item-type-post_type menu-item-object-page menu-item-home menu-item-372\"><a href=\"https:\/\/www.championschoosetao.be\/fr\/\" class=\"elementor-item\">HOME<\/a><\/li>\n<li class=\"menu-item menu-item-type-custom menu-item-object-custom menu-item-368\"><a href=\"https:\/\/www.myhealthychoice.be\/fr\" class=\"elementor-item\">MYHEALTHYCHOICE.BE<\/a><\/li>\n<li class=\"menu-item menu-item-type-post_type menu-item-object-page menu-item-369\"><a href=\"https:\/\/www.championschoosetao.be\/fr\/reglements-en-matiere-de-concurrence\/\" class=\"elementor-item\">R\u00c8GLEMENT<\/a><\/li>\n<li class=\"menu-item menu-item-type-custom menu-item-object-custom menu-item-370\"><a href=\"https:\/\/www.myhealthychoice.be\/fr\/contactez-nous\" class=\"elementor-item\">CONTACT<\/a><\/li>\n<li class=\"menu-item wpml-ls-slot-2 wpml-ls-item wpml-ls-item-fr wpml-ls-current-language wpml-ls-menu-item wpml-ls-last-item menu-item-type-wpml_ls_menu_item menu-item-object-wpml_ls_menu_item menu-item-has-children menu-item-wpml-ls-2-fr\"><a href=\"https:\/\/www.championschoosetao.be\/fr\/\" title=\"Fran\u00e7ais\" class=\"elementor-item\"><span class=\"wpml-ls-native\" lang=\"fr\">Fran\u00e7ais<\/span><\/a>\n<ul class=\"sub-menu elementor-nav-menu--dropdown\">\n\t<li class=\"menu-item wpml-ls-slot-2 wpml-ls-item wpml-ls-item-nl wpml-ls-menu-item wpml-ls-first-item menu-item-type-wpml_ls_menu_item menu-item-object-wpml_ls_menu_item menu-item-wpml-ls-2-nl\"><a href=\"https:\/\/www.championschoosetao.be\/\" title=\"Nederlands\" class=\"elementor-sub-item\"><span class=\"wpml-ls-native\" lang=\"nl\">Nederlands<\/span><\/a><\/li>\n<\/ul>\n<\/li>\n<\/ul>\t\t\t<\/nav>\n\t\t\t\t\t<div class=\"elementor-menu-toggle\" role=\"button\" tabindex=\"0\" aria-label=\"Permuter le menu\" aria-expanded=\"false\">\n\t\t\t<i aria-hidden=\"true\" role=\"presentation\" class=\"elementor-menu-toggle__icon--open fas fa-bars\"><\/i><i aria-hidden=\"true\" role=\"presentation\" class=\"elementor-menu-toggle__icon--close eicon-close\"><\/i>\t\t<\/div>\n\t\t\t\t\t<nav class=\"elementor-nav-menu--dropdown elementor-nav-menu__container\" aria-hidden=\"true\">\n\t\t\t\t<ul id=\"menu-2-2ccc64e\" class=\"elementor-nav-menu\"><li class=\"menu-item menu-item-type-post_type menu-item-object-page menu-item-home menu-item-372\"><a href=\"https:\/\/www.championschoosetao.be\/fr\/\" class=\"elementor-item\" tabindex=\"-1\">HOME<\/a><\/li>\n<li class=\"menu-item menu-item-type-custom menu-item-object-custom menu-item-368\"><a href=\"https:\/\/www.myhealthychoice.be\/fr\" class=\"elementor-item\" tabindex=\"-1\">MYHEALTHYCHOICE.BE<\/a><\/li>\n<li class=\"menu-item menu-item-type-post_type menu-item-object-page menu-item-369\"><a href=\"https:\/\/www.championschoosetao.be\/fr\/reglements-en-matiere-de-concurrence\/\" class=\"elementor-item\" tabindex=\"-1\">R\u00c8GLEMENT<\/a><\/li>\n<li class=\"menu-item menu-item-type-custom menu-item-object-custom menu-item-370\"><a href=\"https:\/\/www.myhealthychoice.be\/fr\/contactez-nous\" class=\"elementor-item\" tabindex=\"-1\">CONTACT<\/a><\/li>\n<li class=\"menu-item wpml-ls-slot-2 wpml-ls-item wpml-ls-item-fr wpml-ls-current-language wpml-ls-menu-item wpml-ls-last-item menu-item-type-wpml_ls_menu_item menu-item-object-wpml_ls_menu_item menu-item-has-children menu-item-wpml-ls-2-fr\"><a href=\"https:\/\/www.championschoosetao.be\/fr\/\" title=\"Fran\u00e7ais\" class=\"elementor-item\" tabindex=\"-1\"><span class=\"wpml-ls-native\" lang=\"fr\">Fran\u00e7ais<\/span><\/a>\n<ul class=\"sub-menu elementor-nav-menu--dropdown\">\n\t<li class=\"menu-item wpml-ls-slot-2 wpml-ls-item wpml-ls-item-nl wpml-ls-menu-item wpml-ls-first-item menu-item-type-wpml_ls_menu_item menu-item-object-wpml_ls_menu_item menu-item-wpml-ls-2-nl\"><a href=\"https:\/\/www.championschoosetao.be\/\" title=\"Nederlands\" class=\"elementor-sub-item\" tabindex=\"-1\"><span class=\"wpml-ls-native\" lang=\"nl\">Nederlands<\/span><\/a><\/li>\n<\/ul>\n<\/li>\n<\/ul>\t\t\t<\/nav>\n\t\t\t\t\t\t<\/div>\n\t\t\t\t<\/div>\n\t\t\t\t\t<\/div>\n\t\t<\/div>\n\t\t\t\t\t<\/div>\n\t\t<\/section>\n\t\t\t\t<section class=\"elementor-section elementor-top-section elementor-element elementor-element-705416c elementor-section-boxed elementor-section-height-default elementor-section-height-default\" data-id=\"705416c\" data-element_type=\"section\" data-e-type=\"section\">\n\t\t\t\t\t\t<div class=\"elementor-container elementor-column-gap-default\">\n\t\t\t\t\t<div class=\"elementor-column elementor-col-100 elementor-top-column elementor-element elementor-element-6f7f592\" data-id=\"6f7f592\" data-element_type=\"column\" data-e-type=\"column\">\n\t\t\t<div class=\"elementor-widget-wrap elementor-element-populated\">\n\t\t\t\t\t\t<div class=\"elementor-element elementor-element-ee605c6 elementor-widget elementor-widget-heading\" data-id=\"ee605c6\" data-element_type=\"widget\" data-e-type=\"widget\" data-widget_type=\"heading.default\">\n\t\t\t\t<div class=\"elementor-widget-container\">\n\t\t\t\t\t<h2 class=\"elementor-heading-title elementor-size-default\">R\u00e8glement du concours<\/h2>\t\t\t\t<\/div>\n\t\t\t\t<\/div>\n\t\t\t\t<div class=\"elementor-element elementor-element-2bd3f6f elementor-widget elementor-widget-text-editor\" data-id=\"2bd3f6f\" data-element_type=\"widget\" data-e-type=\"widget\" data-widget_type=\"text-editor.default\">\n\t\t\t\t<div class=\"elementor-widget-container\">\n\t\t\t\t\t\t\t\t\t<p>Le pr\u00e9sent r\u00e8glement s&rsquo;applique au concours \u00a0\u00bb <strong>Gagnez un stage au Tom Boon Hockey Camp<\/strong>\u00a0\u00bb organis\u00e9 par Tao Family, une soci\u00e9t\u00e9 \u00e0 responsabilit\u00e9 limit\u00e9e dont le si\u00e8ge social est situ\u00e9 Industrielaan 16-20, 1740 Ternat, et dont le num\u00e9ro de TVA est <strong>0440.140.171<\/strong>, &nbsp;ci-apr\u00e8s d\u00e9nomm\u00e9e &nbsp;\u00a0\u00bb Tao Family \u00ab\u00a0.&nbsp;&nbsp; &nbsp;<\/p>\n<p><strong>ARTICLE 1 &#8211; DUR\u00c9E<\/strong><br>1.1 Ce concours d\u00e9bute le <strong>27 mars 2023 et se termine lorsque tous les codes uniques ont \u00e9t\u00e9 enregistr\u00e9s et au plus tard le 31 mai 2023 \u00e0 23h59 dans <\/strong>tous les points de vente participants.  &nbsp;&nbsp;\u00c0 partir du 27 mars 2023, les codes uniques seront distribu\u00e9s conform\u00e9ment aux conditions du r\u00e8glement jusqu&rsquo;au 31 mai 2023.&nbsp; &nbsp;<\/p>\n<p>1.2 La participation au concours n&rsquo;est possible qu&rsquo;au moyen de codes uniques disponibles lors de l&rsquo;achat d&rsquo;un Tao 4-pack ou d&rsquo;une bo\u00eete de conserve individuelle.&nbsp;  Le pack de 4 sera vendu dans les points de vente participants en Belgique et la bo\u00eete individuelle sera vendue dans les clubs de hockey en Belgique.&nbsp;<\/p>\n<p>1.3 Les gagnants des prix seront s\u00e9lectionn\u00e9s sur la base d&rsquo;un format de concours d\u00e9crit \u00e0 l&rsquo;article 5 ci-dessous.<\/p>\n<p><strong>ARTICLE 2 &#8211; PARTICIPANTS<\/strong><br>2.1 La participation \u00e0 ce concours n\u00e9cessite un achat et n&rsquo;est autoris\u00e9e qu&rsquo;aux personnes physiques r\u00e9sidant en Belgique et clientes du point de vente\/club de hockey.&nbsp;  Les personnes d\u00e9crites \u00e0 l&rsquo;article 2.2 sont exclues de la participation.&nbsp;  La TF se r\u00e9serve le droit d&rsquo;exclure du concours les personnes qui ne remplissent pas les conditions fix\u00e9es et qui ne peuvent donc pas gagner.<\/p>\n<p>2.2 Les personnes suivantes sont exclues de la participation au concours : (a) les employ\u00e9s de la FO ou des soci\u00e9t\u00e9s affili\u00e9es \u00e0 la FO et leurs consultants en marketing, ainsi que les membres de leurs familles respectives r\u00e9sidant \u00e0 la m\u00eame adresse, et (b) toute personne directement ou indirectement li\u00e9e \u00e0 l&rsquo;organisation du concours.<\/p>\n<p><strong>ARTICLE 3 &#8211; FRAUDE&nbsp;<\/strong><\/p>\n<p>TF se r\u00e9serve express\u00e9ment le droit d&rsquo;exclure les participants de ce concours et\/ou d&rsquo;autres concours organis\u00e9s par TF s&rsquo;ils se rendent coupables d&rsquo;abus de confiance, de tricherie, de fraude ou&nbsp; de non-respect du r\u00e8glement du concours.<\/p>\n<p><strong>ARTICLE 4 &#8211; PRIX<\/strong>&nbsp;<\/p>\n<p>4.1 Au total, 30 stages de hockey sont \u00e0 pourvoir.&nbsp;  Le prix du concours comprend les \u00e9l\u00e9ments suivants :<\/p>\n<p>Une bourse de hockey d&rsquo;une valeur de 190\u20ac pour participer aux camps de Tom Boon Hockey Camps.&nbsp;  Ces camps sont destin\u00e9s aux enfants \u00e2g\u00e9s de 3 \u00e0 16 ans.&nbsp;<\/p>\n<p><\/p>\n<p>4.2 Les prix sont fixes et ne peuvent \u00eatre \u00e9chang\u00e9s contre d&rsquo;autres biens ou de l&rsquo;argent.&nbsp;  En outre, les prix sont personnels et incessibles.<\/p>\n<p><\/p>\n<p>4.3 Si un gagnant refuse le prix ou si un prix ne peut \u00eatre attribu\u00e9 \u00e0 un gagnant pour toute autre raison, le prix sera annul\u00e9.<\/p>\n<p><strong>ARTICLE 5 &#8211; CONCOURS<\/strong><br>5.1 Pour avoir une chance de gagner le prix mentionn\u00e9 ci-dessus, le participant doit suivre le format de concours suivant :  &nbsp;<\/p>\n<p><\/p>\n<p>Le concours consiste \u00e0 remplir un formulaire avec un code de participation unique (qui peut \u00eatre trouv\u00e9 lors de l&rsquo;achat d&rsquo;un pack Tao-4 ou d&rsquo;une bo\u00eete \u00e0 sangle) sur le site web <a href=\"https:\/\/www.championschoosetao.be\/fr\/\">https:\/\/www.championschoosetao.be<\/a> et \u00e0 r\u00e9pondre \u00e0 deux questions de connaissance et \u00e0 une question de d\u00e9placement.<\/p>\n<p><\/p>\n<p>Dans quel club belge Tom Boon joue-t-il aujourd&rsquo;hui ?&nbsp;<\/p>\n<p><\/p>\n<p>Quelle est la couleur de la bo\u00eete contenant du th\u00e9 vert comme ingr\u00e9dient ?&nbsp;<\/p>\n<p><\/p>\n<p>Combien de participants prendront part \u00e0 ce concours ?<\/p>\n<p><\/p>\n<p>Les participants doivent compl\u00e9ter leur participation en remplissant un formulaire avec les donn\u00e9es personnelles suivantes :<\/p>\n<p><\/p>\n<ul>\n<li>Nom<\/li>\n<li>Pr\u00e9nom<\/li>\n<li>L&rsquo;\u00e2ge<\/li>\n<li>Adresse<\/li>\n<li>Adresse \u00e9lectronique<\/li>\n<li>Num\u00e9ro de GSM<\/li>\n<li>Dans quel club de hockey jouez-vous ?<\/li>\n<\/ul>\n<p>Apr\u00e8s l&rsquo;inscription, chaque participant recevra un e-mail de confirmation.&nbsp;<\/p>\n<p>5.2 Apr\u00e8s la p\u00e9riode du concours, les 30 gagnants seront annonc\u00e9s.&nbsp;  Ces gagnants sont ceux qui ont r\u00e9pondu correctement aux deux questions et qui sont les plus proches (classement de 1 \u00e0 30) de la r\u00e9ponse \u00e0 la question d\u00e9cal\u00e9e.&nbsp;<\/p>\n<p>Si le participant gagne, il recevra un code qui lui permettra de s&rsquo;inscrire \u00e0 un camp de hockey Tom Boon.<\/p><ul style=\"margin-top:0cm\" type=\"disc\">\n <li><span lang=\"en-BE\">Le code est valable pour une\n  personne.  &nbsp;Chaque bon est unique et ne peut \u00eatre combin\u00e9 avec\n  autres offres<o:p><\/o:p><\/span><\/li>\n <li><span lang=\"en-BE\">Un code unique = une participation :\n  un seul code par participant peut \u00eatre gagn\u00e9.<o:p><\/o:p><\/span><\/li>\n <li><span lang=\"en-BE\">Pour activer le code, rendez-vous sur&nbsp;<a href=\"http:\/\/www.tomboonhockey.be\/\">tomboonhockey.be<\/a>,\n  choisissez un camp de votre choix et entrez votre code unique dans le formulaire.\n  champ d\u00e9sign\u00e9 lors de l&rsquo;inscription.<o:p><\/o:p><\/span><\/li>\n <li><span lang=\"en-BE\">Si le bon de 190 \u20ac n&rsquo;est pas le\n  couvre le montant total de la formation choisie, vous ne payez que le montant de la formation.\n  diff\u00e9rence.<o:p><\/o:p><\/span><\/li>\n <li><span lang=\"en-BE\">Si le bon de 190 \u20ac est plus important\n  que le cours s\u00e9lectionn\u00e9, le cours sera propos\u00e9 dans son int\u00e9gralit\u00e9 et devra \u00eatre suivi.\n  vous ne payez rien de plus.<o:p><\/o:p><\/span><\/li>\n <li><span lang=\"en-BE\">&#8211; La r\u00e9duction est uniquement valable\n  sur les cours et ne s&rsquo;applique pas aux options suppl\u00e9mentaires (assurance et d\u00e9jeuner).<\/span><\/li>\n<\/ul><div><br><\/div>\n<p>5.3 Chaque personne ne peut participer qu&rsquo;une seule fois. Si une personne remplit plusieurs formulaires, elle sera automatiquement exclue du concours.<br>La TF veille au bon d\u00e9roulement du concours, \u00e0 l&rsquo;application correcte du r\u00e8glement, \u00e0 la d\u00e9signation des laur\u00e9ats et \u00e0 l&rsquo;attribution des prix. Il n&rsquo;y a pas de recours contre sa d\u00e9cision.<\/p>\n<p><strong>ARTICLE 6 &#8211; RESPONSABILIT\u00c9<\/strong><br>6.1 En aucun cas la TF, ses employ\u00e9s ou tout autre tiers impliqu\u00e9 dans ce concours ne peuvent \u00eatre tenus responsables de toute perte ou dommage de quelque nature que ce soit r\u00e9sultant de l&rsquo;organisation du concours, y compris sa participation, la s\u00e9lection des gagnants, l&rsquo;attribution du prix et le d\u00e9roulement des activit\u00e9s.<\/p>\n<p>6.2 &nbsp;TF se r\u00e9serve le droit de modifier, de reporter, d&rsquo;\u00e9courter, de prolonger ou d&rsquo;annuler le concours ou une partie de celui-ci en raison de circonstances impr\u00e9vues, de changements dans la l\u00e9gislation ou d&rsquo;une d\u00e9cision du Service public f\u00e9d\u00e9ral (SPF) comp\u00e9tent.<\/p>\n<p><\/p>\n<p>Si une telle modification est apport\u00e9e, les participants ou les autres parties concern\u00e9es n&rsquo;auront droit \u00e0 aucune compensation.&nbsp;  En outre, TF a le droit de remplacer les prix par un prix de valeur \u00e9gale, de les modifier ou de les retirer \u00e0 tout moment sans pr\u00e9avis ni justification.<\/p>\n<p>6.3 Le point de vente n&rsquo;est pas responsable de l&rsquo;organisation de ce concours.<\/p>\n<p><strong>ARTICLE 7 &#8211; IDENTIFICATION<\/strong><\/p>\n<p>Les donn\u00e9es personnelles figurant sur le formulaire de participation sont d\u00e9terminantes pour savoir qui a effectu\u00e9 l&rsquo;acte de participation et qui est donc le gagnant l\u00e9gitime.&nbsp;<\/p>\n<p><strong>ARTICLE 8 &#8211; ANNONCE DES GAGNANTS<\/strong>&nbsp;<br>Les gagnants du concours recevront un e-mail contenant le code du prix avant le 2 juin 2023.&nbsp;  Les codes seront envoy\u00e9s par e-mail et le participant pourra utiliser le prix jusqu&rsquo;au 31 d\u00e9cembre 2023.&nbsp;  Si le participant ne respecte pas les d\u00e9lais et proc\u00e9dures d&rsquo;obtention du prix susmentionn\u00e9s et d\u00e9passe la date limite du 31 d\u00e9cembre 2023, il perdra irr\u00e9vocablement son droit au prix, sans aucun droit \u00e0 compensation de la part de l&rsquo;organisateur.&nbsp;  Il n&rsquo;y aura pas de correspondance \u00e9crite ou t\u00e9l\u00e9phonique concernant l&rsquo;ex\u00e9cution, le d\u00e9roulement et le traitement du concours.&nbsp;  Le choix des gagnants ne peut \u00eatre contest\u00e9.&nbsp;<\/p>\n<p><\/p>\n<p>Tous les frais li\u00e9s \u00e0 la participation au concours, ainsi que tous les frais li\u00e9s \u00e0 la r\u00e9ception ou \u00e0 l&rsquo;utilisation du prix attribu\u00e9 (tels que les frais de t\u00e9l\u00e9phone ou de d\u00e9placement, la connexion \u00e0 Internet, etc.&nbsp;  En aucun cas, les participants n&rsquo;auront droit \u00e0 un remboursement de la part de la TF pour ces co\u00fbts.<\/p>\n<p><strong>ARTICLE 9 &#8211; DONN\u00c9ES PERSONNELLES<\/strong><\/p>\n<p>Les donn\u00e9es personnelles de tous les participants seront supprim\u00e9es au plus tard un mois apr\u00e8s la fin du concours. Conform\u00e9ment au r\u00e8glement 2016\/679 du 27 avril 2016 relatif \u00e0 la protection des personnes physiques \u00e0 l&rsquo;\u00e9gard du traitement des donn\u00e9es \u00e0 caract\u00e8re personnel et \u00e0 la libre circulation de ces donn\u00e9es, les participants disposent d&rsquo;un droit d&rsquo;acc\u00e8s et de rectification de leurs donn\u00e9es personnelles et peuvent s&rsquo;opposer au traitement de leurs donn\u00e9es en \u00e9crivant \u00e0 l&rsquo;adresse du concours : Industrielaan 16-20, 1740 Ternat. Apr\u00e8s le tirage au sort, ces donn\u00e9es seront irr\u00e9vocablement supprim\u00e9es par Tao Family.<\/p>\n<p><strong>ARTICLE 10 &#8211; ACCEPTATION DES REGLES DE MATCH SUR LE SITE MENTIONNE DANS LE FORMULAIRE  <\/strong><\/p>\n<p>En participant au concours, le participant accepte sans r\u00e9serve le contenu et toutes les dispositions du pr\u00e9sent r\u00e8glement, ainsi que toute d\u00e9cision que l&rsquo;organisation pourrait prendre pour assurer le bon d\u00e9roulement du concours.  <\/p>\n<p><strong>ARTICLE 11 &#8211; PUBLICATION<\/strong><\/p>\n<p>En s&rsquo;inscrivant au concours, tous les participants acceptent que, s&rsquo;ils gagnent, leur nom soit publi\u00e9 sur les m\u00e9dias sociaux.<\/p>\n<p><\/p>\n<p><strong>ARTICLE 12&nbsp;: DIVERS<\/strong><\/p>\n<p>Le r\u00e8glement du concours est disponible sur le site web : <a href=\"http:\/\/www.championschoosetao.be\">www.championschoosetao.be<\/a><\/p>\n<p>Ce r\u00e8glement est r\u00e9gi par le droit belge. Toute question ou plainte concernant le r\u00e8glement ou le concours peut \u00eatre envoy\u00e9e par courrier \u00e9lectronique<a href=\"mailto:info@myhealthychoice.com\">(info@myhealthychoice.com<\/a> ) au plus tard 15 jours apr\u00e8s la fin du concours. Aucune communication n&rsquo;aura lieu concernant ce concours, \u00e0 l&rsquo;exception d&rsquo;une demande \u00e9crite adress\u00e9e \u00e0 l&rsquo;organisateur \u00e0 son adresse pour l&rsquo;envoi du r\u00e8glement.<\/p>\t\t\t\t\t\t\t\t<\/div>\n\t\t\t\t<\/div>\n\t\t\t\t\t<\/div>\n\t\t<\/div>\n\t\t\t\t\t<\/div>\n\t\t<\/section>\n\t\t\t\t<\/div>\n\t\t","protected":false},"excerpt":{"rendered":"<p>R\u00e8glement du concours Le pr\u00e9sent r\u00e8glement s&rsquo;applique au concours \u00a0\u00bb Gagnez un stage au Tom Boon Hockey Camp\u00a0\u00bb organis\u00e9 par Tao Family, une soci\u00e9t\u00e9 \u00e0 responsabilit\u00e9 limit\u00e9e dont le si\u00e8ge social est situ\u00e9 Industrielaan 16-20, 1740 Ternat, et dont le num\u00e9ro de TVA est 0440.140.171, &nbsp;ci-apr\u00e8s d\u00e9nomm\u00e9e &nbsp;\u00a0\u00bb Tao Family \u00ab\u00a0.&nbsp;&nbsp; &nbsp; ARTICLE 1 &#8211; [&hellip;]<\/p>\n","protected":false},"author":3,"featured_media":0,"parent":0,"menu_order":0,"comment_status":"closed","ping_status":"closed","template":"","meta":{"footnotes":""},"class_list":["post-360","page","type-page","status-publish","hentry"],"_links":{"self":[{"href":"https:\/\/www.championschoosetao.be\/fr\/wp-json\/wp\/v2\/pages\/360","targetHints":{"allow":["GET"]}}],"collection":[{"href":"https:\/\/www.championschoosetao.be\/fr\/wp-json\/wp\/v2\/pages"}],"about":[{"href":"https:\/\/www.championschoosetao.be\/fr\/wp-json\/wp\/v2\/types\/page"}],"author":[{"embeddable":true,"href":"https:\/\/www.championschoosetao.be\/fr\/wp-json\/wp\/v2\/users\/3"}],"replies":[{"embeddable":true,"href":"https:\/\/www.championschoosetao.be\/fr\/wp-json\/wp\/v2\/comments?post=360"}],"version-history":[{"count":9,"href":"https:\/\/www.championschoosetao.be\/fr\/wp-json\/wp\/v2\/pages\/360\/revisions"}],"predecessor-version":[{"id":409,"href":"https:\/\/www.championschoosetao.be\/fr\/wp-json\/wp\/v2\/pages\/360\/revisions\/409"}],"wp:attachment":[{"href":"https:\/\/www.championschoosetao.be\/fr\/wp-json\/wp\/v2\/media?parent=360"}],"curies":[{"name":"wp","href":"https:\/\/api.w.org\/{rel}","templated":true}]}}